{"id":1832,"date":"2020-10-16T16:57:37","date_gmt":"2020-10-16T16:57:37","guid":{"rendered":"http:\/\/3.212.40.237\/?page_id=1832"},"modified":"2024-02-27T22:45:57","modified_gmt":"2024-02-27T22:45:57","slug":"contrasena","status":"publish","type":"page","link":"https:\/\/manualesdigitales.stellantis.com.mx\/index.php\/contrasena\/","title":{"rendered":"contrasena"},"content":{"rendered":"<p>[et_pb_section fb_built=&#8221;1&#8243; _builder_version=&#8221;4.16&#8243; background_color=&#8221;#243782&#8243; height=&#8221;60px&#8221; custom_padding=&#8221;0px||0px||false|false&#8221; custom_css_main_element=&#8221;display: block;&#8221; global_colors_info=&#8221;{}&#8221; custom_css_main_element_last_edited=&#8221;on|desktop&#8221; custom_css_main_element_phone=&#8221;display: none;&#8221; custom_css_main_element_tablet=&#8221;display: none;&#8221;][et_pb_row column_structure=&#8221;1_6,1_6,1_6,1_6,1_6,1_6&#8243; make_equal=&#8221;on&#8221; _builder_version=&#8221;4.16&#8243; custom_padding=&#8221;0px||0px||false|false&#8221; global_colors_info=&#8221;{}&#8221;][et_pb_column type=&#8221;1_6&#8243; _builder_version=&#8221;4.16&#8243; global_colors_info=&#8221;{}&#8221;][et_pb_image src=&#8221;http:\/\/3.212.40.237\/wp-content\/uploads\/2021\/02\/Logo-Stellantis-Alternativo-Negativo.png&#8221; url=&#8221;http:\/\/3.212.40.237&#8243; show_bottom_space=&#8221;off&#8221; module_id=&#8221;header_logo&#8221; _builder_version=&#8221;4.16&#8243; width=&#8221;180px&#8221; custom_margin=&#8221;0px|0px|0px|0px|false|false&#8221; custom_padding=&#8221;0px|0px|0px|0px|false|false&#8221; global_colors_info=&#8221;{}&#8221;][\/et_pb_image][\/et_pb_column][et_pb_column type=&#8221;1_6&#8243; _builder_version=&#8221;4.16&#8243; global_colors_info=&#8221;{}&#8221;][\/et_pb_column][et_pb_column type=&#8221;1_6&#8243; _builder_version=&#8221;4.16&#8243; global_colors_info=&#8221;{}&#8221;][\/et_pb_column][et_pb_column type=&#8221;1_6&#8243; _builder_version=&#8221;4.16&#8243; global_colors_info=&#8221;{}&#8221;][\/et_pb_column][et_pb_column type=&#8221;1_6&#8243; _builder_version=&#8221;4.16&#8243; global_colors_info=&#8221;{}&#8221;][et_pb_text module_id=&#8221;menu_profile&#8221; _builder_version=&#8221;4.16&#8243; text_text_color=&#8221;#ffffff&#8221; text_orientation=&#8221;right&#8221; custom_padding=&#8221;10px||||false|false&#8221; global_colors_info=&#8221;{}&#8221;][\/et_pb_text][\/et_pb_column][et_pb_column type=&#8221;1_6&#8243; _builder_version=&#8221;4.16&#8243; global_colors_info=&#8221;{}&#8221;][et_pb_text module_id=&#8221;menu_logout&#8221; _builder_version=&#8221;4.16&#8243; text_text_color=&#8221;#ffffff&#8221; custom_padding=&#8221;10px||||false|false&#8221; global_colors_info=&#8221;{}&#8221;][\/et_pb_text][\/et_pb_column][\/et_pb_row][\/et_pb_section][et_pb_section fb_built=&#8221;1&#8243; _builder_version=&#8221;4.16&#8243; background_color=&#8221;#243782&#8243; height=&#8221;40px&#8221; custom_padding=&#8221;0px||0px||false|false&#8221; custom_css_main_element=&#8221;display: none;&#8221; global_colors_info=&#8221;{}&#8221; custom_css_main_element_last_edited=&#8221;on|tablet&#8221; custom_css_main_element_phone=&#8221;display: block;&#8221; custom_css_main_element_tablet=&#8221;display: block;&#8221;][et_pb_row _builder_version=&#8221;4.16&#8243; background_color=&#8221;rgba(0,0,0,0)&#8221; custom_padding=&#8221;0px||0px||false|false&#8221; global_colors_info=&#8221;{}&#8221;][et_pb_column type=&#8221;4_4&#8243; _builder_version=&#8221;4.16&#8243; global_colors_info=&#8221;{}&#8221;][et_pb_text admin_label=&#8221;Menu Responsivo&#8221; module_id=&#8221;menu_resp&#8221; _builder_version=&#8221;4.16&#8243; height=&#8221;40px&#8221; global_colors_info=&#8221;{}&#8221;]<\/p>\n<div class=\"et_pb_text_inner\">\n<style>#responsive_menu{display:flex; align-items: center; }<\/style>\n<div id=\"responsive_menu\" style=\"color: blue;\">\n<div style=\"width:48%\"><a href=\"http:\/\/3.212.40.237\/\"><img decoding=\"async\" src=\"http:\/\/3.212.40.237\/wp-content\/uploads\/2021\/02\/Logo-Stellantis-Alternativo-Negativo.png\" width=\"96px\"><\/a><\/div>\n<\/div>\n<\/div>\n<p>[\/et_pb_text][\/et_pb_column][\/et_pb_row][\/et_pb_section][et_pb_section fb_built=&#8221;1&#8243; _builder_version=&#8221;4.16&#8243; use_background_color_gradient=&#8221;on&#8221; background_color_gradient_stops=&#8221;rgba(92,136,218,0.98) 48%|rgba(92,136,218,0.61) 100%&#8221; background_color_gradient_overlays_image=&#8221;on&#8221; background_color_gradient_start=&#8221;rgba(92,136,218,0.98)&#8221; background_color_gradient_start_position=&#8221;48%&#8221; background_color_gradient_end=&#8221;rgba(92,136,218,0.61)&#8221; background_image=&#8221;https:\/\/manualesdigitales.fcamexico.com.mx\/wp-content\/uploads\/2020\/04\/Fondo-Header-Long-Exposure.jpg&#8221; custom_css_main_element=&#8221;height:100vh;&#8221; saved_tabs=&#8221;all&#8221; global_colors_info=&#8221;{}&#8221; custom_css_main_element_last_edited=&#8221;on|phone&#8221; custom_css_main_element_phone=&#8221;height:100vh;&#8221; custom_css_main_element_tablet=&#8221;height:100vh;&#8221;][et_pb_row column_structure=&#8221;1_3,1_3,1_3&#8243; _builder_version=&#8221;4.16&#8243; custom_margin=&#8221;0px||0px||false|false&#8221; custom_padding=&#8221;0px||0px||false|false&#8221; custom_css_main_element=&#8221;top:15vh !important;&#8221; global_colors_info=&#8221;{}&#8221;][et_pb_column type=&#8221;1_3&#8243; _builder_version=&#8221;4.16&#8243; global_colors_info=&#8221;{}&#8221;][\/et_pb_column][et_pb_column type=&#8221;1_3&#8243; _builder_version=&#8221;4.16&#8243; global_colors_info=&#8221;{}&#8221;][et_pb_image src=&#8221;https:\/\/manualesdigitales.fcamexico.com.mx\/wp-content\/uploads\/2020\/04\/Manuales-de-Propietario-White.png&#8221; url=&#8221;@ET-DC@eyJkeW5hbWljIjp0cnVlLCJjb250ZW50IjoiaG9tZV91cmwiLCJzZXR0aW5ncyI6e319@&#8221; _builder_version=&#8221;4.16&#8243; _dynamic_attributes=&#8221;url&#8221; global_colors_info=&#8221;{}&#8221;][\/et_pb_image][\/et_pb_column][et_pb_column type=&#8221;1_3&#8243; _builder_version=&#8221;4.16&#8243; global_colors_info=&#8221;{}&#8221;][\/et_pb_column][\/et_pb_row][et_pb_row column_structure=&#8221;1_3,1_3,1_3&#8243; _builder_version=&#8221;4.16&#8243; custom_margin=&#8221;0px||0px||false|false&#8221; custom_padding=&#8221;0px||0px||false|false&#8221; custom_css_main_element=&#8221;top:20vh;&#8221; global_colors_info=&#8221;{}&#8221;][et_pb_column type=&#8221;1_3&#8243; _builder_version=&#8221;4.16&#8243; global_colors_info=&#8221;{}&#8221;][\/et_pb_column][et_pb_column type=&#8221;1_3&#8243; _builder_version=&#8221;4.16&#8243; global_colors_info=&#8221;{}&#8221;][et_pb_text _builder_version=&#8221;4.16&#8243; text_text_color=&#8221;#ffffff&#8221; text_font_size=&#8221;1em&#8221; text_orientation=&#8221;justified&#8221; global_colors_info=&#8221;{}&#8221;]<\/p>\n<p style=\"text-align: center;\">Recuperar Contrase\u00f1a<\/p>\n<p>[\/et_pb_text][et_pb_code _builder_version=&#8221;4.24.0&#8243; hover_enabled=&#8221;0&#8243; global_colors_info=&#8221;{}&#8221; sticky_enabled=&#8221;0&#8243;]<\/p>\n<style><!-- [et_pb_line_break_holder] -->  .p_succ{<!-- [et_pb_line_break_holder] -->  text-align: justify;<!-- [et_pb_line_break_holder] -->  background-color:#2a7d00AA; <!-- [et_pb_line_break_holder] -->  color:white;<!-- [et_pb_line_break_holder] -->  margin-bottom: 5px;<!-- [et_pb_line_break_holder] -->  padding: 5px 10px; <!-- [et_pb_line_break_holder] -->  border: 1px solid; <!-- [et_pb_line_break_holder] -->}<!-- [et_pb_line_break_holder] --><!-- [et_pb_line_break_holder] -->\/* Error msg *\/<!-- [et_pb_line_break_holder] -->.p_err{<!-- [et_pb_line_break_holder] -->  \/*text-align: justify;*\/<!-- [et_pb_line_break_holder] -->  color: #EEEEEEEE;<!-- [et_pb_line_break_holder] -->  padding: 5px 10px; <!-- [et_pb_line_break_holder] -->  background-color: #FF0000AA;<!-- [et_pb_line_break_holder] -->  margin-bottom: 5px;<!-- [et_pb_line_break_holder] -->  border: 1px solid; <!-- [et_pb_line_break_holder] -->  border-radius: 5px;<!-- [et_pb_line_break_holder] -->}<!-- [et_pb_line_break_holder] -->.btn_back_login{<!-- [et_pb_line_break_holder] -->  color: #FFFFFF;<!-- [et_pb_line_break_holder] -->  background-color: rgba(250,128,114,.6);<!-- [et_pb_line_break_holder] -->  border: 2px solid rgb(220,20,60);<!-- [et_pb_line_break_holder] -->  border-radius: 3px;<!-- [et_pb_line_break_holder] -->  width:100%;<!-- [et_pb_line_break_holder] -->  padding: .6em .7em;    <!-- [et_pb_line_break_holder] -->  font-size: 20px;<!-- [et_pb_line_break_holder] -->  font-weight: 500;<!-- [et_pb_line_break_holder] -->  text-align:center<!-- [et_pb_line_break_holder] -->}<!-- [et_pb_line_break_holder] --><!-- [et_pb_line_break_holder] -->.btn_back_login:hover {<!-- [et_pb_line_break_holder] -->  cursor: pointer;<!-- [et_pb_line_break_holder] -->}<!-- [et_pb_line_break_holder] -->  <!-- [et_pb_line_break_holder] -->.ocultar{<!-- [et_pb_line_break_holder] -->  display: none !important;<!-- [et_pb_line_break_holder] -->}<!-- [et_pb_line_break_holder] --><\/style>\n<p><!-- [et_pb_line_break_holder] --><script><!-- [et_pb_line_break_holder] -->  iniciarLoginJS();<!-- [et_pb_line_break_holder] --><\/script><!-- [et_pb_line_break_holder] --><!-- [et_pb_line_break_holder] --><!-- [et_pb_line_break_holder] --><\/p>\n<div class=\"et_pb_newsletter_form et_pb_login_form\"><!-- [et_pb_line_break_holder] -->\t<\/p>\n<form action=\"#\" method=\"post\"  onSubmit=\"return false\"><!-- [et_pb_line_break_holder] -->\t\t<pee class=\"et_pb_contact_form_field\"><!-- [et_pb_line_break_holder] -->\t\t\t<\/p>\n<div id=\"r_forgot_div\" class=\"r_msg ocultar\"><\/div>\n<p><!-- [et_pb_line_break_holder] -->\t\t\t<input id=\"user_forgot_div\" placeholder=\"Correo Electr\u00f3nico\" class=\"input\" type=\"text\" value=\"\" name=\"log\" maxlength=\"50\"\/><!-- [et_pb_line_break_holder] -->\t\t<\/pee><!-- [et_pb_line_break_holder] -->\t\t<pee><!-- [et_pb_line_break_holder] -->\t\t\t<button type=\"submit\" id=\"btn_send_req\" name=\"et_builder_submit_button\" class=\"et_pb_newsletter_button et_pb_button\" style=\"color:#FFFFFF; background-color: rgba(30,144,255,.6); border-color: rgb(0,0,205)\">Enviar<\/button><!-- [et_pb_line_break_holder] -->\t\t\t<\/p>\n<div class=\"btn_back_login\"><i id=\"chevr\" class=\"fas fa-chevron-left ocultar\"><\/i> Volver<\/div>\n<p><!-- [et_pb_line_break_holder] -->\t\t<\/pee><!-- [et_pb_line_break_holder] -->\t<\/form>\n<p><!-- [et_pb_line_break_holder] --><\/div>\n<p>[\/et_pb_code][\/et_pb_column][et_pb_column type=&#8221;1_3&#8243; _builder_version=&#8221;4.16&#8243; global_colors_info=&#8221;{}&#8221;][\/et_pb_column][\/et_pb_row][et_pb_row column_structure=&#8221;1_3,1_3,1_3&#8243; _builder_version=&#8221;4.24.0&#8243; _module_preset=&#8221;default&#8221; custom_css_free_form=&#8221;.row_form{display:none}&#8221; global_colors_info=&#8221;{}&#8221;][et_pb_column type=&#8221;1_3&#8243; _builder_version=&#8221;4.24.0&#8243; _module_preset=&#8221;default&#8221; global_colors_info=&#8221;{}&#8221;][\/et_pb_column][et_pb_column type=&#8221;1_3&#8243; _builder_version=&#8221;4.24.0&#8243; _module_preset=&#8221;default&#8221; global_colors_info=&#8221;{}&#8221;][\/et_pb_column][et_pb_column type=&#8221;1_3&#8243; _builder_version=&#8221;4.24.0&#8243; _module_preset=&#8221;default&#8221; global_colors_info=&#8221;{}&#8221;][et_pb_login module_class=&#8221;form_req&#8221; _builder_version=&#8221;4.24.0&#8243; _module_preset=&#8221;default&#8221; custom_css_free_form=&#8221;.form_req{display:none;}&#8221; global_colors_info=&#8221;{}&#8221;][\/et_pb_login][\/et_pb_column][\/et_pb_row][\/et_pb_section][et_pb_section fb_built=&#8221;1&#8243; _builder_version=&#8221;4.16&#8243; custom_margin=&#8221;0px||30px||false|false&#8221; custom_padding=&#8221;30px||30px||false|false&#8221; global_colors_info=&#8221;{}&#8221;][et_pb_row column_structure=&#8221;1_6,1_6,1_6,1_6,1_6,1_6&#8243; make_equal=&#8221;on&#8221; _builder_version=&#8221;4.16&#8243; custom_margin=&#8221;0px||0px||false|false&#8221; custom_padding=&#8221;0px||0px||false|false&#8221; global_colors_info=&#8221;{}&#8221;][et_pb_column type=&#8221;1_6&#8243; _builder_version=&#8221;4.16&#8243; global_colors_info=&#8221;{}&#8221;][\/et_pb_column][et_pb_column type=&#8221;1_6&#8243; _builder_version=&#8221;4.16&#8243; global_colors_info=&#8221;{}&#8221;][et_pb_image src=&#8221;http:\/\/3.212.40.237\/wp-content\/uploads\/2020\/03\/Chrysler.png&#8221; url=&#8221;https:\/\/www.chrysler.com.mx&#8221; url_new_window=&#8221;on&#8221; show_bottom_space=&#8221;off&#8221; align=&#8221;center&#8221; _builder_version=&#8221;4.16&#8243; height=&#8221;120px&#8221; custom_margin=&#8221;-25px||0px||false|false&#8221; custom_padding=&#8221;0px||0px||false|false&#8221; global_colors_info=&#8221;{}&#8221;][\/et_pb_image][\/et_pb_column][et_pb_column type=&#8221;1_6&#8243; _builder_version=&#8221;4.16&#8243; global_colors_info=&#8221;{}&#8221;][et_pb_image src=&#8221;http:\/\/3.212.40.237\/wp-content\/uploads\/2020\/03\/Ram.png&#8221; url=&#8221;https:\/\/www.ram.com.mx\/&#8221; url_new_window=&#8221;on&#8221; show_bottom_space=&#8221;off&#8221; align=&#8221;center&#8221; _builder_version=&#8221;4.16&#8243; height=&#8221;70px&#8221; custom_margin=&#8221;0px||0px||false|false&#8221; custom_padding=&#8221;0px||0px||false|false&#8221; global_colors_info=&#8221;{}&#8221;][\/et_pb_image][\/et_pb_column][et_pb_column type=&#8221;1_6&#8243; _builder_version=&#8221;4.16&#8243; global_colors_info=&#8221;{}&#8221;][et_pb_image src=&#8221;http:\/\/3.212.40.237\/wp-content\/uploads\/2023\/12\/Peugeot2.png&#8221; url=&#8221;https:\/\/www.ram.com.mx\/&#8221; url_new_window=&#8221;on&#8221; show_bottom_space=&#8221;off&#8221; align=&#8221;center&#8221; _builder_version=&#8221;4.16&#8243; height=&#8221;70px&#8221; custom_margin=&#8221;0px||0px||false|false&#8221; custom_padding=&#8221;0px||0px||false|false&#8221; global_colors_info=&#8221;{}&#8221;][\/et_pb_image][\/et_pb_column][et_pb_column type=&#8221;1_6&#8243; _builder_version=&#8221;4.16&#8243; global_colors_info=&#8221;{}&#8221;][et_pb_image src=&#8221;http:\/\/3.212.40.237\/wp-content\/uploads\/2020\/03\/Dodge.png&#8221; url=&#8221;https:\/\/www.dodge.com.mx\/&#8221; url_new_window=&#8221;on&#8221; show_bottom_space=&#8221;off&#8221; align=&#8221;center&#8221; _builder_version=&#8221;4.16&#8243; height=&#8221;120px&#8221; custom_margin=&#8221;-25px||||false|false&#8221; global_colors_info=&#8221;{}&#8221;][\/et_pb_image][\/et_pb_column][et_pb_column type=&#8221;1_6&#8243; _builder_version=&#8221;4.16&#8243; global_colors_info=&#8221;{}&#8221;][\/et_pb_column][\/et_pb_row][et_pb_row column_structure=&#8221;1_6,1_6,1_6,1_6,1_6,1_6&#8243; make_equal=&#8221;on&#8221; _builder_version=&#8221;4.16&#8243; custom_margin=&#8221;0px||0px||false|false&#8221; custom_padding=&#8221;0px||0px||false|false&#8221; global_colors_info=&#8221;{}&#8221;][et_pb_column type=&#8221;1_6&#8243; _builder_version=&#8221;4.16&#8243; global_colors_info=&#8221;{}&#8221;][\/et_pb_column][et_pb_column type=&#8221;1_6&#8243; _builder_version=&#8221;4.16&#8243; global_colors_info=&#8221;{}&#8221;][et_pb_image src=&#8221;http:\/\/3.212.40.237\/wp-content\/uploads\/2020\/03\/Alfa-Romeo.png&#8221; url=&#8221;https:\/\/www.alfaromeo.mx&#8221; url_new_window=&#8221;on&#8221; show_bottom_space=&#8221;off&#8221; align=&#8221;center&#8221; _builder_version=&#8221;4.16&#8243; height=&#8221;70px&#8221; custom_margin=&#8221;0px||0px||false|false&#8221; custom_padding=&#8221;0px||0px||false|false&#8221; global_colors_info=&#8221;{}&#8221;][\/et_pb_image][\/et_pb_column][et_pb_column type=&#8221;1_6&#8243; _builder_version=&#8221;4.16&#8243; global_colors_info=&#8221;{}&#8221;][et_pb_image src=&#8221;http:\/\/3.212.40.237\/wp-content\/uploads\/2020\/10\/Fiat-Logo-Menu.png&#8221; url=&#8221;https:\/\/www.fiat.com.mx&#8221; url_new_window=&#8221;on&#8221; show_bottom_space=&#8221;off&#8221; align=&#8221;center&#8221; _builder_version=&#8221;4.16&#8243; height=&#8221;70px&#8221; custom_margin=&#8221;0px||0px||false|false&#8221; custom_padding=&#8221;0px||0px||false|false&#8221; global_colors_info=&#8221;{}&#8221;][\/et_pb_image][\/et_pb_column][et_pb_column type=&#8221;1_6&#8243; _builder_version=&#8221;4.16&#8243; global_colors_info=&#8221;{}&#8221;][et_pb_image src=&#8221;http:\/\/3.212.40.237\/wp-content\/uploads\/2020\/03\/Jeep.png&#8221; url=&#8221;https:\/\/www.jeep.com.mx\/&#8221; url_new_window=&#8221;on&#8221; align=&#8221;center&#8221; _builder_version=&#8221;4.16&#8243; height=&#8221;70px&#8221; global_colors_info=&#8221;{}&#8221;][\/et_pb_image][\/et_pb_column][et_pb_column type=&#8221;1_6&#8243; _builder_version=&#8221;4.16&#8243; global_colors_info=&#8221;{}&#8221;][et_pb_image src=&#8221;http:\/\/3.212.40.237\/wp-content\/uploads\/2020\/03\/Mopar-1.png&#8221; url=&#8221;https:\/\/www.mopar.com.mx&#8221; url_new_window=&#8221;on&#8221; show_bottom_space=&#8221;off&#8221; align=&#8221;center&#8221; _builder_version=&#8221;4.16&#8243; height=&#8221;70px&#8221; custom_margin=&#8221;0px||0px||false|false&#8221; custom_padding=&#8221;0px||0px||false|false&#8221; global_colors_info=&#8221;{}&#8221;][\/et_pb_image][\/et_pb_column][et_pb_column type=&#8221;1_6&#8243; _builder_version=&#8221;4.16&#8243; global_colors_info=&#8221;{}&#8221;][\/et_pb_column][\/et_pb_row][et_pb_row _builder_version=&#8221;4.16&#8243; global_colors_info=&#8221;{}&#8221;][et_pb_column type=&#8221;4_4&#8243; _builder_version=&#8221;4.16&#8243; global_colors_info=&#8221;{}&#8221;][et_pb_text _builder_version=&#8221;4.16&#8243; text_text_color=&#8221;#9b9b9b&#8221; text_font_size=&#8221;0.8em&#8221; text_line_height=&#8221;1.4em&#8221; custom_margin=&#8221;100px||||false|false&#8221; global_colors_info=&#8221;{}&#8221;]<\/p>\n<p style=\"text-align: justify;\">Fotograf\u00edas de referencia, el modelo disponible en M\u00e9xico puede variar. Las fotograf\u00edas, equipamientos, colores, caracter\u00edsticas, materiales, especificaciones t\u00e9cnicas y\/o accesorios de los veh\u00edculos que aparecen en este sitio y subsitios son de uso netamente ilustrativo e informativos, por lo que no constituyen una oferta, Stellantis M\u00e9xico S.A. de C.V. se reserva el derecho de modificarlos sin previo aviso en cualquier momento sin incurrir en ninguna obligaci\u00f3n ni responsabilidad.<\/p>\n<p style=\"text-align: justify;\">\u00a0\u00a9 2021 Stellantis M\u00e9xico, S.A. de C.V. Todos los derechos reservados. Chrysler, Dodge, Jeep, Ram, Mopar y SRT son marcas registradas de FCA US LLC. Las marcas ALFA ROMEO y FIAT son marcas registradas de <span>FCA Group Marketing S.p.A, utilizadas bajo su autorizaci\u00f3n.<\/span><\/p>\n<p style=\"text-align: justify;\">Este Sitio obtiene datos personales a trav\u00e9s de cookies y web beacons. Si deseas saber m\u00e1s acerca de c\u00f3mo podr\u00edas inhabilitar las cookies, por favor consulta nuestro \u00faltimo <a href=\"https:\/\/avisodeprivacidad.stellantis.com.mx\/#clientes\">Aviso de Privacidad <\/a>al 1 de Marzo de 2023 en las p\u00e1ginas oficiales de nuestras marcas. Stellantis M\u00e9xico S.A. de C.V. ha identificado la existencia de sitios web ap\u00f3crifos que pretenden enga\u00f1ar a los consumidores mediante ofertas falsas. En adici\u00f3n a las acciones preventivas seguidas por FCA, hacemos de su conocimiento que las \u00fanicas p\u00e1ginas oficiales de la marca Chrysler, Dodge, Jeep, Ram, Fiat y Alfa Romeo en M\u00e9xico son: <a href=\"http:\/\/www.chrysler.com.mx\/\" data-saferedirecturl=\"https:\/\/www.google.com\/url?q=http:\/\/www.chrysler.com.mx\/&amp;source=gmail&amp;ust=1613167111483000&amp;usg=AFQjCNHzCNjY-ULJHgPbhNOgGGsZmfa0fQ\">www.chrysler.com.mx<\/a> <a href=\"http:\/\/www.dodge.com.mx\/\" data-saferedirecturl=\"https:\/\/www.google.com\/url?q=http:\/\/www.dodge.com.mx\/&amp;source=gmail&amp;ust=1613167111483000&amp;usg=AFQjCNFi7dZnw1wcVRpqiwnWiw5FPebKGg\">www.dodge.com.mx<\/a> <a href=\"http:\/\/www.jeep.com.mx\/\" data-saferedirecturl=\"https:\/\/www.google.com\/url?q=http:\/\/www.jeep.com.mx\/&amp;source=gmail&amp;ust=1613167111483000&amp;usg=AFQjCNEDmVf_mq7MEeVzYBgDCPaS7Rn5ew\">www.jeep.com.mx<\/a> <a href=\"http:\/\/www.ram.com.mx\/\" data-saferedirecturl=\"https:\/\/www.google.com\/url?q=http:\/\/www.ram.com.mx\/&amp;source=gmail&amp;ust=1613167111484000&amp;usg=AFQjCNEuvMkjiq8lRlceGG7qE0yVR3OipQ\">www.ram.com.mx<\/a> <a href=\"http:\/\/www.fiat.com.mx\/\" data-saferedirecturl=\"https:\/\/www.google.com\/url?q=http:\/\/www.fiat.com.mx\/&amp;source=gmail&amp;ust=1613167111484000&amp;usg=AFQjCNGDthvrdLa8Isvo8vxGKOXgRNOtLw\">www.fiat.com.mx<\/a> <a href=\"http:\/\/www.alfaromeo.mx\/\" data-saferedirecturl=\"https:\/\/www.google.com\/url?q=http:\/\/www.alfaromeo.mx\/&amp;source=gmail&amp;ust=1613167111484000&amp;usg=AFQjCNF_HnBVwJz9W0zM4m-PaeLX7rkYqg\">www.alfaromeo.mx<\/a>. En donde se encuentra la informaci\u00f3n veraz de los veh\u00edculos, sus promociones y los distribuidores autorizados.<\/p>\n<p>[\/et_pb_text][\/et_pb_column][\/et_pb_row][\/et_pb_section]<\/p>\n","protected":false},"excerpt":{"rendered":"<p>Recuperar Contrase\u00f1aFotograf\u00edas de referencia, el modelo disponible en M\u00e9xico puede variar. Las fotograf\u00edas, equipamientos, colores, caracter\u00edsticas, materiales, especificaciones t\u00e9cnicas y\/o accesorios de los veh\u00edculos que aparecen en este sitio y subsitios son de uso netamente ilustrativo e informativos, por lo que no constituyen una oferta, Stellantis M\u00e9xico S.A. de C.V. se reserva el derecho de [&hellip;]<\/p>\n","protected":false},"author":1,"featured_media":0,"parent":0,"menu_order":0,"comment_status":"closed","ping_status":"closed","template":"","meta":{"_et_pb_use_builder":"on","_et_pb_old_content":"","_et_gb_content_width":"","footnotes":""},"class_list":["post-1832","page","type-page","status-publish","hentry"],"aioseo_notices":[],"_links":{"self":[{"href":"https:\/\/manualesdigitales.stellantis.com.mx\/index.php\/wp-json\/wp\/v2\/pages\/1832","targetHints":{"allow":["GET"]}}],"collection":[{"href":"https:\/\/manualesdigitales.stellantis.com.mx\/index.php\/wp-json\/wp\/v2\/pages"}],"about":[{"href":"https:\/\/manualesdigitales.stellantis.com.mx\/index.php\/wp-json\/wp\/v2\/types\/page"}],"author":[{"embeddable":true,"href":"https:\/\/manualesdigitales.stellantis.com.mx\/index.php\/wp-json\/wp\/v2\/users\/1"}],"replies":[{"embeddable":true,"href":"https:\/\/manualesdigitales.stellantis.com.mx\/index.php\/wp-json\/wp\/v2\/comments?post=1832"}],"version-history":[{"count":0,"href":"https:\/\/manualesdigitales.stellantis.com.mx\/index.php\/wp-json\/wp\/v2\/pages\/1832\/revisions"}],"wp:attachment":[{"href":"https:\/\/manualesdigitales.stellantis.com.mx\/index.php\/wp-json\/wp\/v2\/media?parent=1832"}],"curies":[{"name":"wp","href":"https:\/\/api.w.org\/{rel}","templated":true}]}}